{"id":8,"date":"2015-02-13T11:31:42","date_gmt":"2015-02-13T10:31:42","guid":{"rendered":"http:\/\/all-ing.cz\/?page_id=8"},"modified":"2017-12-21T11:49:49","modified_gmt":"2017-12-21T10:49:49","slug":"certifikaty","status":"publish","type":"page","link":"https:\/\/all-ing.cz\/?page_id=8","title":{"rendered":"Certifik\u00e1ty"},"content":{"rendered":"<p style=\"text-align: left;\">Jsme dr\u017eiteli t\u011bchto certifik\u00e1t\u016f:<\/p>\n<div style=\"text-align: center;\"><\/div>\n<p>\u200b<\/p>\n<p>\u200b<\/p>\n<table style=\"text-align: center;\" border=\"0\">\n<tbody style=\"text-align: left;\">\n<tr style=\"text-align: left;\">\n<td style=\"text-align: center;\"><a href=\"http:\/\/all-ing.cz\/wp-content\/uploads\/2017\/12\/\u010cSN-EN-ISO_14001_page_001.jpg\"><img loading=\"lazy\" decoding=\"async\" class=\"aligncenter wp-image-55\" src=\"http:\/\/all-ing.cz\/wp-content\/uploads\/2017\/12\/\u010cSN-EN-ISO_14001_page_001-212x300.jpg\" alt=\"\" width=\"100\" height=\"141\" srcset=\"https:\/\/all-ing.cz\/wp-content\/uploads\/2017\/12\/\u010cSN-EN-ISO_14001_page_001-212x300.jpg 212w, https:\/\/all-ing.cz\/wp-content\/uploads\/2017\/12\/\u010cSN-EN-ISO_14001_page_001.jpg 596w\" sizes=\"auto, (max-width: 100px) 100vw, 100px\" \/><\/a><\/td>\n<td style=\"text-align: center;\" valign=\"top\"><a href=\"http:\/\/all-ing.cz\/wp-content\/uploads\/2017\/12\/\u010cSN-EN-ISO_9001_page_001.jpg\"><img loading=\"lazy\" decoding=\"async\" class=\"aligncenter wp-image-54\" src=\"http:\/\/all-ing.cz\/wp-content\/uploads\/2017\/12\/\u010cSN-EN-ISO_9001_page_001-212x300.jpg\" alt=\"\" width=\"100\" height=\"141\" srcset=\"https:\/\/all-ing.cz\/wp-content\/uploads\/2017\/12\/\u010cSN-EN-ISO_9001_page_001-212x300.jpg 212w, https:\/\/all-ing.cz\/wp-content\/uploads\/2017\/12\/\u010cSN-EN-ISO_9001_page_001.jpg 596w\" sizes=\"auto, (max-width: 100px) 100vw, 100px\" \/><\/a><\/td>\n<td style=\"text-align: center;\"><img loading=\"lazy\" decoding=\"async\" class=\"aligncenter wp-image-57\" style=\"margin-top: 0.857143rem; margin-bottom: 0.857143rem; color: #444444; font-size: 14px; text-align: start;\" src=\"http:\/\/all-ing.cz\/wp-content\/uploads\/2017\/12\/\u010cSN-OHSAS_18001_page_001-212x300.jpg\" alt=\"\" width=\"100\" height=\"141\" srcset=\"https:\/\/all-ing.cz\/wp-content\/uploads\/2017\/12\/\u010cSN-OHSAS_18001_page_001-212x300.jpg 212w, https:\/\/all-ing.cz\/wp-content\/uploads\/2017\/12\/\u010cSN-OHSAS_18001_page_001.jpg 596w\" sizes=\"auto, (max-width: 100px) 100vw, 100px\" \/><\/td>\n<td style=\"text-align: center;\"><\/td>\n<\/tr>\n<tr style=\"text-align: left;\">\n<td style=\"text-align: center;\" valign=\"top\"><a title=\"ISO 14001\" href=\"http:\/\/all-ing.cz\/wp-content\/uploads\/2017\/12\/\u010cSN-EN-ISO_14001.pdf\" target=\"_blank\" rel=\"noopener\">ISO 14001:2015<\/a><\/td>\n<td style=\"text-align: center;\" valign=\"top\"><a title=\"ISO 9001\" href=\"http:\/\/all-ing.cz\/wp-content\/uploads\/2017\/12\/\u010cSN-EN-ISO_9001.pdf\" target=\"_blank\" rel=\"noopener\">ISO 9001:2015<\/a><\/td>\n<td style=\"text-align: center;\" valign=\"top\"><a title=\"OHSAS 18001\" href=\"http:\/\/all-ing.cz\/wp-content\/uploads\/2017\/12\/\u010cSN-OHSAS_18001.pdf\" target=\"_blank\" rel=\"noopener\">OHSAS 18001:2015<\/a><\/td>\n<td style=\"text-align: center;\"><\/td>\n<\/tr>\n<\/tbody>\n<\/table>\n<div style=\"text-align: center;\"><\/div>\n<p style=\"text-align: center;\">\n","protected":false},"excerpt":{"rendered":"<p>Jsme dr\u017eiteli t\u011bchto certifik\u00e1t\u016f: \u200b \u200b ISO 14001:2015 ISO 9001:2015 OHSAS 18001:2015<\/p>\n","protected":false},"author":1,"featured_media":0,"parent":0,"menu_order":2,"comment_status":"open","ping_status":"open","template":"","meta":{"footnotes":""},"class_list":["post-8","page","type-page","status-publish","hentry"],"_links":{"self":[{"href":"https:\/\/all-ing.cz\/index.php?rest_route=\/wp\/v2\/pages\/8","targetHints":{"allow":["GET"]}}],"collection":[{"href":"https:\/\/all-ing.cz\/index.php?rest_route=\/wp\/v2\/pages"}],"about":[{"href":"https:\/\/all-ing.cz\/index.php?rest_route=\/wp\/v2\/types\/page"}],"author":[{"embeddable":true,"href":"https:\/\/all-ing.cz\/index.php?rest_route=\/wp\/v2\/users\/1"}],"replies":[{"embeddable":true,"href":"https:\/\/all-ing.cz\/index.php?rest_route=%2Fwp%2Fv2%2Fcomments&post=8"}],"version-history":[{"count":8,"href":"https:\/\/all-ing.cz\/index.php?rest_route=\/wp\/v2\/pages\/8\/revisions"}],"predecessor-version":[{"id":50,"href":"https:\/\/all-ing.cz\/index.php?rest_route=\/wp\/v2\/pages\/8\/revisions\/50"}],"wp:attachment":[{"href":"https:\/\/all-ing.cz\/index.php?rest_route=%2Fwp%2Fv2%2Fmedia&parent=8"}],"curies":[{"name":"wp","href":"https:\/\/api.w.org\/{rel}","templated":true}]}}