{"id":20,"date":"2015-02-13T11:46:08","date_gmt":"2015-02-13T10:46:08","guid":{"rendered":"http:\/\/all-ing.cz\/?page_id=20"},"modified":"2018-01-22T13:08:56","modified_gmt":"2018-01-22T12:08:56","slug":"ke-stazeni","status":"publish","type":"page","link":"https:\/\/all-ing.cz\/?page_id=20","title":{"rendered":"Ke sta\u017een\u00ed"},"content":{"rendered":"<p>Zde si m\u016f\u017eete st\u00e1hnout pot\u0159ebn\u00e9 dokumenty:<\/p>\n<table border=\"0\">\n<tbody style=\"text-align: left;\">\n<tr style=\"text-align: left;\">\n<td style=\"text-align: center;\"><a href=\"http:\/\/all-ing.cz\/wp-content\/uploads\/2017\/12\/vypis-230374_page_001.jpg\"><img loading=\"lazy\" decoding=\"async\" class=\"aligncenter wp-image-71\" src=\"http:\/\/all-ing.cz\/wp-content\/uploads\/2017\/12\/vypis-230374_page_001-212x300.jpg\" alt=\"\" width=\"130\" height=\"184\" srcset=\"https:\/\/all-ing.cz\/wp-content\/uploads\/2017\/12\/vypis-230374_page_001-212x300.jpg 212w, https:\/\/all-ing.cz\/wp-content\/uploads\/2017\/12\/vypis-230374_page_001.jpg 595w\" sizes=\"auto, (max-width: 130px) 100vw, 130px\" \/><\/a><\/td>\n<td style=\"text-align: center;\"><a title=\"Koncesn\u00ed listina\" href=\"http:\/\/all-ing.cz\/download\/Koncesni_listina.pdf\" target=\"_blank\" rel=\"noopener\"><img decoding=\"async\" src=\"wp-includes\/images\/all\/koncesni_listina.jpg\" alt=\"koncesni_listina\" \/><\/a><\/td>\n<td style=\"text-align: center;\"><a title=\"\u017dL In\u017een\u00fdrsk\u00e1 \u010dinnost\" href=\"http:\/\/all-ing.cz\/download\/ZL_Inzenyrska cinnost.pdf\" target=\"_blank\" rel=\"noopener\"><img decoding=\"async\" src=\"wp-includes\/images\/all\/zl_inzenyrska_cinnost.jpg\" alt=\"ZL_inzenyrska_cinnost\" \/><\/a><\/td>\n<td style=\"text-align: center;\"><a title=\"\u017dL prov\u00e1d\u011bn\u00ed staveb\" href=\"http:\/\/all-ing.cz\/download\/ZL_Provadeni_staveb.pdf\" target=\"_blank\" rel=\"noopener\"><img decoding=\"async\" src=\"wp-includes\/images\/all\/zl_provadeni_staveb.jpg\" alt=\"ZL_provadeni_staveb\" \/><\/a><\/td>\n<\/tr>\n<tr style=\"text-align: left;\">\n<td style=\"text-align: center;\" valign=\"top\"><a title=\"V\u00fdpis z OR\" href=\"http:\/\/all-ing.cz\/wp-content\/uploads\/2017\/12\/vypis-230374.pdf\" rel=\"noopener\">V\u00fdpis z OR<\/a><\/td>\n<td style=\"text-align: center;\" valign=\"top\"><a title=\"Koncesn\u00ed listina\" href=\"http:\/\/all-ing.cz\/download\/Koncesni_listina.pdf\" target=\"_blank\" rel=\"noopener\">Koncesn\u00ed listina<\/a><\/td>\n<td style=\"text-align: center;\" valign=\"top\"><a title=\"\u017dL In\u017een\u00fdrsk\u00e1 \u010dinnost\" href=\"http:\/\/all-ing.cz\/download\/ZL_Inzenyrska cinnost.pdf\" target=\"_blank\" rel=\"noopener\">\u017dL in\u017een\u00fdrsk\u00e1 \u010dinnost<\/a><\/td>\n<td style=\"text-align: center;\" valign=\"top\"><a title=\"\u017dL prov\u00e1d\u011bn\u00ed staveb\" href=\"http:\/\/all-ing.cz\/download\/ZL_Provadeni_staveb.pdf\" target=\"_blank\" rel=\"noopener\">\u017dL prov\u00e1d\u011bn\u00ed staveb<\/a><\/td>\n<\/tr>\n<\/tbody>\n<\/table>\n<p>&nbsp;<\/p>\n","protected":false},"excerpt":{"rendered":"<p>Zde si m\u016f\u017eete st\u00e1hnout pot\u0159ebn\u00e9 dokumenty: V\u00fdpis z OR Koncesn\u00ed listina \u017dL in\u017een\u00fdrsk\u00e1 \u010dinnost \u017dL prov\u00e1d\u011bn\u00ed staveb &nbsp;<\/p>\n","protected":false},"author":1,"featured_media":0,"parent":0,"menu_order":6,"comment_status":"open","ping_status":"open","template":"","meta":{"footnotes":""},"class_list":["post-20","page","type-page","status-publish","hentry"],"_links":{"self":[{"href":"https:\/\/all-ing.cz\/index.php?rest_route=\/wp\/v2\/pages\/20","targetHints":{"allow":["GET"]}}],"collection":[{"href":"https:\/\/all-ing.cz\/index.php?rest_route=\/wp\/v2\/pages"}],"about":[{"href":"https:\/\/all-ing.cz\/index.php?rest_route=\/wp\/v2\/types\/page"}],"author":[{"embeddable":true,"href":"https:\/\/all-ing.cz\/index.php?rest_route=\/wp\/v2\/users\/1"}],"replies":[{"embeddable":true,"href":"https:\/\/all-ing.cz\/index.php?rest_route=%2Fwp%2Fv2%2Fcomments&post=20"}],"version-history":[{"count":19,"href":"https:\/\/all-ing.cz\/index.php?rest_route=\/wp\/v2\/pages\/20\/revisions"}],"predecessor-version":[{"id":92,"href":"https:\/\/all-ing.cz\/index.php?rest_route=\/wp\/v2\/pages\/20\/revisions\/92"}],"wp:attachment":[{"href":"https:\/\/all-ing.cz\/index.php?rest_route=%2Fwp%2Fv2%2Fmedia&parent=20"}],"curies":[{"name":"wp","href":"https:\/\/api.w.org\/{rel}","templated":true}]}}