{"id":2,"date":"2015-02-13T09:54:04","date_gmt":"2015-02-13T09:54:04","guid":{"rendered":"http:\/\/all-ing.cz\/?page_id=2"},"modified":"2015-12-27T18:27:41","modified_gmt":"2015-12-27T17:27:41","slug":"zkusebni-stranka","status":"publish","type":"page","link":"https:\/\/all-ing.cz\/","title":{"rendered":"Home"},"content":{"rendered":"<h2>V\u00edtejte na str\u00e1nk\u00e1ch spole\u010dnosti ALL &amp; ING, s.r.o.<\/h2>\n<p style=\"text-align: justify;\">Spole\u010dnost <strong>ALL &amp; ING, s.r.o. <\/strong>byla zalo\u017eena v roce 2002 jako stavebn\u00ed a in\u017een\u00fdrsk\u00e1 firma. Hlavn\u00edm posl\u00e1n\u00edm spole\u010dnosti je poskytovat komplexn\u00ed slu\u017eby v oblasti stavebnictv\u00ed od zpracov\u00e1n\u00ed projektov\u00e9 dokumentace, oce\u0148ov\u00e1n\u00ed staveb, povolovac\u00edho \u0159\u00edzen\u00ed, technick\u00e9 a statick\u00e9 dozory a\u017e po kompletn\u00ed realizaci staveb.<br \/>\nSpole\u010dnost ALL &amp; ING, s.r.o. se od sv\u00e9ho vzniku dynamicky rozv\u00edj\u00ed, o \u010dem\u017e sv\u011bd\u010d\u00ed \u0159ada \u00fasp\u011b\u0161n\u011b proveden\u00fdch staveb a neust\u00e1l\u00e9 vzr\u016fstaj\u00edc\u00ed objem proveden\u00fdch prac\u00ed.<br \/>\nALL &amp; ING, s.r.o. po celou dobu sv\u00e9 existence stav\u00ed na kvalitn\u00ed d\u011blnick\u00e9 a \u0159emeslnick\u00e9 pr\u00e1ci, pod veden\u00edm zku\u0161en\u00fdch \u0159\u00edd\u00edc\u00edch pracovn\u00edk\u016f. Spolu s modern\u00edmi stroji, technologick\u00fdm a v\u00fdrobn\u00edm za\u0159\u00edzen\u00edm jsou pracovn\u00edci firmy schopni \u00fasp\u011b\u0161n\u011b realizovat p\u0159edstavy investor\u016f.<br \/>\nFirma je dr\u017eitelem certifik\u00e1tu jakosti dle \u010cSN EN ISO 9001:2001 a z\u00e1rove\u0148 \u010cSN EN ISO 14001.<\/p>\n<p>&nbsp;<\/p>\n<table style=\"width: 100%;\" border=\"0\">\n<tbody>\n<tr>\n<td colspan=\"3\">\n<h2>Na\u0161i partne\u0159i<\/h2>\n<\/td>\n<\/tr>\n<tr>\n<td><a title=\"DEKTRADE\" href=\"http:\/\/dektrade.cz\/\" target=\"_blank\"><img decoding=\"async\" src=\"wp-includes\/images\/all\/logo_dektrade.png\" alt=\"dek\" \/><\/a><\/td>\n<td><a title=\"ARGOS\" href=\"http:\/\/www.argos.cz\/\" target=\"_blank\"><img decoding=\"async\" src=\"wp-includes\/images\/all\/argos.png\" alt=\"argos\" \/><\/a><\/td>\n<td><a title=\"FERRAM\" href=\"http:\/\/www.ferram-stavebniny.cz\/\" target=\"_blank\"><img decoding=\"async\" src=\"wp-includes\/images\/all\/ferram.png\" alt=\"ferram\" \/><\/a><\/td>\n<\/tr>\n<tr>\n<td><a title=\"ZAPA\" href=\"http:\/\/www.zapa.cz\/\" target=\"_blank\"><img decoding=\"async\" src=\"wp-includes\/images\/all\/zapa.png\" alt=\"zapa\" \/><\/a><\/td>\n<td><a title=\"Profila\" href=\"http:\/\/eshop.profila.cz\/\" target=\"_blank\"><img decoding=\"async\" src=\"wp-includes\/images\/all\/profila.png\" alt=\"profila\" \/><\/a><\/td>\n<td><a title=\"MPL\" href=\"http:\/\/www.mpl.cz\/cz\/\" target=\"_blank\"><img decoding=\"async\" src=\"wp-includes\/images\/all\/mpl.png\" alt=\"mpl\" \/><\/a><\/td>\n<\/tr>\n<tr>\n<td><\/td>\n<td><a title=\"RaF\" href=\"http:\/\/www.r-f.cz\/\" target=\"_blank\"><img decoding=\"async\" src=\"wp-includes\/images\/all\/logo_richter_frenzel_1.png\" alt=\"raf\" \/><\/a><\/td>\n<td><\/td>\n<\/tr>\n<\/tbody>\n<\/table>\n<p>&nbsp;<\/p>\n","protected":false},"excerpt":{"rendered":"<p>V\u00edtejte na str\u00e1nk\u00e1ch spole\u010dnosti ALL &amp; ING, s.r.o. Spole\u010dnost ALL &amp; ING, s.r.o. byla zalo\u017eena v roce 2002 jako stavebn\u00ed a in\u017een\u00fdrsk\u00e1 firma. Hlavn\u00edm posl\u00e1n\u00edm spole\u010dnosti je poskytovat komplexn\u00ed slu\u017eby v oblasti stavebnictv\u00ed od zpracov\u00e1n\u00ed projektov\u00e9 dokumentace, oce\u0148ov\u00e1n\u00ed staveb, povolovac\u00edho \u0159\u00edzen\u00ed, technick\u00e9 a statick\u00e9 dozory a\u017e po kompletn\u00ed realizaci staveb. Spole\u010dnost ALL &amp; ING, s.r.o. [&hellip;]<\/p>\n","protected":false},"author":1,"featured_media":0,"parent":0,"menu_order":1,"comment_status":"open","ping_status":"open","template":"","meta":{"footnotes":""},"class_list":["post-2","page","type-page","status-publish","hentry"],"_links":{"self":[{"href":"https:\/\/all-ing.cz\/index.php?rest_route=\/wp\/v2\/pages\/2","targetHints":{"allow":["GET"]}}],"collection":[{"href":"https:\/\/all-ing.cz\/index.php?rest_route=\/wp\/v2\/pages"}],"about":[{"href":"https:\/\/all-ing.cz\/index.php?rest_route=\/wp\/v2\/types\/page"}],"author":[{"embeddable":true,"href":"https:\/\/all-ing.cz\/index.php?rest_route=\/wp\/v2\/users\/1"}],"replies":[{"embeddable":true,"href":"https:\/\/all-ing.cz\/index.php?rest_route=%2Fwp%2Fv2%2Fcomments&post=2"}],"version-history":[{"count":5,"href":"https:\/\/all-ing.cz\/index.php?rest_route=\/wp\/v2\/pages\/2\/revisions"}],"predecessor-version":[{"id":42,"href":"https:\/\/all-ing.cz\/index.php?rest_route=\/wp\/v2\/pages\/2\/revisions\/42"}],"wp:attachment":[{"href":"https:\/\/all-ing.cz\/index.php?rest_route=%2Fwp%2Fv2%2Fmedia&parent=2"}],"curies":[{"name":"wp","href":"https:\/\/api.w.org\/{rel}","templated":true}]}}