{"id":18,"date":"2015-02-13T11:35:27","date_gmt":"2015-02-13T10:35:27","guid":{"rendered":"http:\/\/all-ing.cz\/?page_id=18"},"modified":"2018-01-23T09:14:08","modified_gmt":"2018-01-23T08:14:08","slug":"reference","status":"publish","type":"page","link":"https:\/\/all-ing.cz\/?page_id=18","title":{"rendered":"Reference"},"content":{"rendered":"<h2><strong>Zrealizovan\u00fdch akc\u00ed vyb\u00edr\u00e1me :<\/strong><\/h2>\n<hr \/>\n<h3><em> 2016 &#8211;<\/em> <strong>Povod\u00ed Odry-Rekonstrukce \u010cOV<\/strong><\/h3>\n<h3><em>2015<\/em>\u00a0&#8211; RD T\u0159ebovice,\u00a0\u00a0<strong>Z\u0160 Ukrajinsk\u00e1-stav.\u00fapravy<\/strong><\/h3>\n<h3><em>2014 &#8211;<\/em>\u00a0<strong>Klimkovice-stavebn\u00ed \u00fapravy objektu Junimedik,\u00a0 RD T\u0159ebovice<\/strong><\/h3>\n<h3><em>2013 &#8211;\u00a0<\/em>\u00a0RD H\u00fdlov,\u00a0<strong>\u00daMOb Poruba-stav.\u00fapravy Krte\u010dek<\/strong><\/h3>\n<h3><em>2012<\/em>\u00a0&#8211;\u00a0<strong>RD H\u00fdlov<\/strong><\/h3>\n<h3><em>2011<\/em>\u00a0&#8211;\u00a0<strong>Vybudov\u00e1n\u00ed stanovi\u0161\u0165 pro sb\u011br separ. odpadu v Ostrav\u011b &#8211; Porub\u011b<\/strong><\/h3>\n<h3><em>2010 &#8211;<\/em> <strong>Vybudov\u00e1n\u00ed fitcentra Body ACADEMY v Ostrav\u011b &#8211; Porub\u011b<\/strong><\/h3>\n","protected":false},"excerpt":{"rendered":"<p>Zrealizovan\u00fdch akc\u00ed vyb\u00edr\u00e1me : 2016 &#8211; Povod\u00ed Odry-Rekonstrukce \u010cOV 2015\u00a0&#8211; RD T\u0159ebovice,\u00a0\u00a0Z\u0160 Ukrajinsk\u00e1-stav.\u00fapravy 2014 &#8211;\u00a0Klimkovice-stavebn\u00ed \u00fapravy objektu Junimedik,\u00a0 RD T\u0159ebovice 2013 &#8211;\u00a0\u00a0RD H\u00fdlov,\u00a0\u00daMOb Poruba-stav.\u00fapravy Krte\u010dek 2012\u00a0&#8211;\u00a0RD H\u00fdlov 2011\u00a0&#8211;\u00a0Vybudov\u00e1n\u00ed stanovi\u0161\u0165 pro sb\u011br separ. odpadu v Ostrav\u011b &#8211; Porub\u011b 2010 &#8211; Vybudov\u00e1n\u00ed fitcentra Body ACADEMY v Ostrav\u011b &#8211; Porub\u011b<\/p>\n","protected":false},"author":1,"featured_media":0,"parent":0,"menu_order":5,"comment_status":"open","ping_status":"open","template":"","meta":{"footnotes":""},"class_list":["post-18","page","type-page","status-publish","hentry"],"_links":{"self":[{"href":"https:\/\/all-ing.cz\/index.php?rest_route=\/wp\/v2\/pages\/18","targetHints":{"allow":["GET"]}}],"collection":[{"href":"https:\/\/all-ing.cz\/index.php?rest_route=\/wp\/v2\/pages"}],"about":[{"href":"https:\/\/all-ing.cz\/index.php?rest_route=\/wp\/v2\/types\/page"}],"author":[{"embeddable":true,"href":"https:\/\/all-ing.cz\/index.php?rest_route=\/wp\/v2\/users\/1"}],"replies":[{"embeddable":true,"href":"https:\/\/all-ing.cz\/index.php?rest_route=%2Fwp%2Fv2%2Fcomments&post=18"}],"version-history":[{"count":12,"href":"https:\/\/all-ing.cz\/index.php?rest_route=\/wp\/v2\/pages\/18\/revisions"}],"predecessor-version":[{"id":97,"href":"https:\/\/all-ing.cz\/index.php?rest_route=\/wp\/v2\/pages\/18\/revisions\/97"}],"wp:attachment":[{"href":"https:\/\/all-ing.cz\/index.php?rest_route=%2Fwp%2Fv2%2Fmedia&parent=18"}],"curies":[{"name":"wp","href":"https:\/\/api.w.org\/{rel}","templated":true}]}}