{"id":16,"date":"2015-02-13T11:34:49","date_gmt":"2015-02-13T10:34:49","guid":{"rendered":"http:\/\/all-ing.cz\/?page_id=16"},"modified":"2018-01-22T14:49:19","modified_gmt":"2018-01-22T13:49:19","slug":"inzenyrska-cinnost","status":"publish","type":"page","link":"https:\/\/all-ing.cz\/?page_id=16","title":{"rendered":"Na\u0161e slu\u017eby"},"content":{"rendered":"<p><strong>Projek\u010dn\u00ed a in\u017een\u00fdrsk\u00e1 \u010dinnost<\/strong><\/p>\n<p>V r\u00e1mci t\u011bchto \u010dinnost\u00ed zpracujeme na z\u00e1klad\u011b investi\u010dn\u00edho z\u00e1m\u011bru kompletn\u00ed projektovou dokumentaci, v\u010detn\u011b projedn\u00e1n\u00ed s p\u0159\u00edslu\u0161n\u00fdmi org\u00e1ny st\u00e1tn\u00ed spr\u00e1vy a vyd\u00e1n\u00ed stavebn\u00edho povolen\u00ed.<\/p>\n<h4>Pozemn\u00ed stavby<\/h4>\n<p>V r\u00e1mci prov\u00e1d\u011bn\u00ed pozemn\u00edch staveb prov\u00e1d\u00edme stavby jak pro komer\u010dn\u00ed, komun\u00e1ln\u00ed segment, tak i pro bytov\u00e1 dru\u017estva, priv\u00e1tn\u00ed investory \u2013 v\u00fdstavba RD na kl\u00ed\u010d, rekonstrukce RD, rekonstrukce byt\u016f. V r\u00e1mci t\u011bchto staveb nab\u00edz\u00edme :<\/p>\n<ul>\n<li>Zateplov\u00e1n\u00ed dom\u016f<\/li>\n<li>Dod\u00e1vka a mont\u00e1\u017e oken, dve\u0159\u00ed<\/li>\n<li>Zateplov\u00e1n\u00ed ploch\u00fdch st\u0159ech<\/li>\n<li>Zemn\u00ed pr\u00e1ce v\u00edce\u00fa\u010delov\u00fdm r\u00fdpadlov\u00fdm nakl\u00e1da\u010dem JCB<\/li>\n<li>Prov\u00e1d\u011bn\u00ed z\u00e1klad\u016f a kanalizace<\/li>\n<li>Pr\u00e1ce zednick\u00e9, om\u00edtk\u00e1\u0159sk\u00e9<\/li>\n<li>Prov\u00e1d\u011bn\u00ed s\u00e1drokarton\u00e1\u0159sk\u00fdch prac\u00ed &#8211; podkrov\u00ed &#8211; p\u016fdn\u00ed vestavby, podhledy strop\u016f, p\u0159\u00ed\u010dky<\/li>\n<li>Mont\u00e1\u017e plovouc\u00edch podlah<\/li>\n<li>P\u0159\u00edpravn\u00e9 pr\u00e1ce p\u0159ed realizac\u00ed d\u00edla \u2013 vyklizen\u00ed sklep\u016f, p\u016fdn\u00edch prostor, odvoz suti atd.<\/li>\n<li>Bourac\u00ed pr\u00e1ce \u2013 zdi, podlahy, z\u00e1klady<\/li>\n<li>Ru\u010dn\u00ed v\u00fdkopov\u00e9 pr\u00e1ce<\/li>\n<li>Mal\u00ed\u0159sk\u00e9 a nat\u011bra\u010dsk\u00e9 pr\u00e1ce<\/li>\n<li>Ochrann\u00e9 antigraffitty n\u00e1t\u011bry<\/li>\n<li>Pr\u00e1ce obklada\u010dsk\u00e9<\/li>\n<li>Pr\u00e1ce klemp\u00ed\u0159sk\u00e9<\/li>\n<li>Tesa\u0159sk\u00e9 pr\u00e1ce &#8211; bedn\u011bn\u00ed, krovy, st\u0159echy, mont\u00e1\u017e st\u0159e\u0161n\u00edch oken atd<\/li>\n<li>Rozvody vody v m\u011bdi, plastu a kovov\u00fdch trubk\u00e1ch<\/li>\n<li>Rozvody kanalizace<\/li>\n<li>Mont\u00e1\u017e \u00fast\u0159edn\u00edho topen\u00ed v\u010detn\u011b rozvod\u016f v podlaze<\/li>\n<li>Mont\u00e1\u017e pr\u016fmyslov\u00fdch a domovn\u00edch elektro rozvod\u016f<\/li>\n<\/ul>\n<h4>Komplexn\u00ed prov\u00e1d\u011bn\u00ed staveb pozemn\u00edch komunikac\u00ed s povrchem<\/h4>\n<p>v\u00fdstavba parkovi\u0161\u0165, cyklistick\u00fdch stezek, zpevn\u011bn\u00fdch ploch a chodn\u00edk\u016f s povrchem ze:<\/p>\n<ul>\n<li>z\u00e1mkov\u00e9 dla\u017eby<\/li>\n<li>klasick\u00e9 betonov\u00e9 dla\u017eby<\/li>\n<li>\u017eulov\u00fdch kostek<\/li>\n<li>asfaltobetonu<\/li>\n<li>opravy chodn\u00edk\u016f a ve\u0159ejn\u00fdch prostranstv\u00ed,v\u00fdstavba, opravy a rekonstrukce kanaliza\u010dn\u00edch \u0159\u00e1d\u016f tlakov\u00e9 \u010di\u0161t\u011bn\u00ed de\u0161\u0165ov\u00e9 kanalizace,\u010di\u0161t\u011bn\u00ed \u0161achtic de\u0161\u0165ov\u00e9 kanalizace<\/li>\n<\/ul>\n<h4><\/h4>\n<p>&nbsp;<\/p>\n","protected":false},"excerpt":{"rendered":"<p>Projek\u010dn\u00ed a in\u017een\u00fdrsk\u00e1 \u010dinnost V r\u00e1mci t\u011bchto \u010dinnost\u00ed zpracujeme na z\u00e1klad\u011b investi\u010dn\u00edho z\u00e1m\u011bru kompletn\u00ed projektovou dokumentaci, v\u010detn\u011b projedn\u00e1n\u00ed s p\u0159\u00edslu\u0161n\u00fdmi org\u00e1ny st\u00e1tn\u00ed spr\u00e1vy a vyd\u00e1n\u00ed stavebn\u00edho povolen\u00ed. Pozemn\u00ed stavby V r\u00e1mci prov\u00e1d\u011bn\u00ed pozemn\u00edch staveb prov\u00e1d\u00edme stavby jak pro komer\u010dn\u00ed, komun\u00e1ln\u00ed segment, tak i pro bytov\u00e1 dru\u017estva, priv\u00e1tn\u00ed investory \u2013 v\u00fdstavba RD na kl\u00ed\u010d, rekonstrukce RD, [&hellip;]<\/p>\n","protected":false},"author":1,"featured_media":0,"parent":0,"menu_order":4,"comment_status":"open","ping_status":"open","template":"","meta":{"footnotes":""},"class_list":["post-16","page","type-page","status-publish","hentry"],"_links":{"self":[{"href":"https:\/\/all-ing.cz\/index.php?rest_route=\/wp\/v2\/pages\/16","targetHints":{"allow":["GET"]}}],"collection":[{"href":"https:\/\/all-ing.cz\/index.php?rest_route=\/wp\/v2\/pages"}],"about":[{"href":"https:\/\/all-ing.cz\/index.php?rest_route=\/wp\/v2\/types\/page"}],"author":[{"embeddable":true,"href":"https:\/\/all-ing.cz\/index.php?rest_route=\/wp\/v2\/users\/1"}],"replies":[{"embeddable":true,"href":"https:\/\/all-ing.cz\/index.php?rest_route=%2Fwp%2Fv2%2Fcomments&post=16"}],"version-history":[{"count":4,"href":"https:\/\/all-ing.cz\/index.php?rest_route=\/wp\/v2\/pages\/16\/revisions"}],"predecessor-version":[{"id":95,"href":"https:\/\/all-ing.cz\/index.php?rest_route=\/wp\/v2\/pages\/16\/revisions\/95"}],"wp:attachment":[{"href":"https:\/\/all-ing.cz\/index.php?rest_route=%2Fwp%2Fv2%2Fmedia&parent=16"}],"curies":[{"name":"wp","href":"https:\/\/api.w.org\/{rel}","templated":true}]}}